{"id":115,"date":"2014-12-02T12:47:19","date_gmt":"2014-12-02T11:47:19","guid":{"rendered":"http:\/\/www.kid.v630.ncsrv.de\/?page_id=115"},"modified":"2015-01-07T08:53:57","modified_gmt":"2015-01-07T07:53:57","slug":"hausmeisterservice","status":"publish","type":"page","link":"https:\/\/www.kid-immo.de\/?page_id=115","title":{"rendered":"Hausmeisterservice"},"content":{"rendered":"[vc_row][vc_column width=&#8221;1\/1&#8243;][vc_column_text]\n<h3>Wie soll es nur mit meiner Immobilie weitergehen?<\/h3>\n<p><strong>Rasen, Hecken, Garten, Schnee und vieles mehr&#8230;&#8230;.<\/strong><\/p>\n<p><strong>Probleme wohin Sie nur sehen!!!<\/strong><\/p>\n<h3><strong><span class=\"red bigger\">Wir sind Vorort, um zeitnah behilflich zu sein!! <\/span><\/strong><\/h3>\n<p><strong><span class=\"blue\">Wir tragen Ihnen diese Sorgen und Lasten. <\/span><\/strong><\/p>\n<h3><strong><span class=\"red\">Sie wohnen nur noch ! <\/span><\/strong><\/h3>\n<p><strong>Das optimale Zusammenspiel von Preis, serviceorientierter Leistung und Qualit\u00e4t wird hier in jeder Hinsicht gro\u00df geschrieben. Sie bekommen Hilfe zu einem fairen Preis zu guten Konditionen!<\/strong><\/p>\n<h3><strong><span class=\"red\">Unsere Leistungen f\u00fcr Sie:<\/span><\/strong><\/h3>\n<ul>\n<li><strong>Pflege der Au\u00dfenanlagen und Gr\u00fcnanlagen<\/strong><\/li>\n<li><strong>Gartenservice<\/strong><\/li>\n<li><strong>Reinigung der Au\u00dfenanlagen<\/strong><\/li>\n<li><strong>\u00dcberwachung und Kontrolle der Haustechnik<\/strong><\/li>\n<li><strong>Instandhaltung Ihrer Immobilie<\/strong><\/li>\n<li><strong>Kleinere Instandsetzungen an Ihrer Immobilie<\/strong><\/li>\n<\/ul>\n<h2>\u00dcberzeugen Sie sich\u00a0von<br \/>\nunserem Service\u00a0und unserer Qualit\u00e4t!<\/h2>\n[\/vc_column_text][\/vc_column][\/vc_row]\n","protected":false},"excerpt":{"rendered":"<p>[vc_row][vc_column width=&#8221;1\/1&#8243;][vc_column_text] Wie soll es nur mit meiner Immobilie weitergehen? Rasen, Hecken, Garten, Schnee und vieles mehr&#8230;&#8230;. Probleme wohin Sie nur sehen!!! Wir sind Vorort, um zeitnah behilflich zu sein!! Wir tragen Ihnen diese Sorgen und Lasten. Sie wohnen nur noch ! Das optimale Zusammenspiel von Preis, serviceorientierter Leistung und Qualit\u00e4t wird hier in jeder Hinsicht gro\u00df geschrieben. Sie bekommen Hilfe zu einem fairen Preis zu guten Konditionen! Unsere Leistungen f\u00fcr Sie: Pflege der Au\u00dfenanlagen und Gr\u00fcnanlagen Gartenservice Reinigung der Au\u00dfenanlagen \u00dcberwachung und Kontrolle der Haustechnik Instandhaltung Ihrer Immobilie Kleinere Instandsetzungen an Ihrer Immobilie \u00dcberzeugen Sie sich\u00a0von unserem Service\u00a0und unserer Qualit\u00e4t! [\/vc_column_text][\/vc_column][\/vc_row]<\/p>\n","protected":false},"author":1,"featured_media":0,"parent":347,"menu_order":0,"comment_status":"closed","ping_status":"closed","template":"","meta":[],"_links":{"self":[{"href":"https:\/\/www.kid-immo.de\/index.php?rest_route=\/wp\/v2\/pages\/115"}],"collection":[{"href":"https:\/\/www.kid-immo.de\/index.php?rest_route=\/wp\/v2\/pages"}],"about":[{"href":"https:\/\/www.kid-immo.de\/index.php?rest_route=\/wp\/v2\/types\/page"}],"author":[{"embeddable":true,"href":"https:\/\/www.kid-immo.de\/index.php?rest_route=\/wp\/v2\/users\/1"}],"replies":[{"embeddable":true,"href":"https:\/\/www.kid-immo.de\/index.php?rest_route=%2Fwp%2Fv2%2Fcomments&post=115"}],"version-history":[{"count":11,"href":"https:\/\/www.kid-immo.de\/index.php?rest_route=\/wp\/v2\/pages\/115\/revisions"}],"predecessor-version":[{"id":610,"href":"https:\/\/www.kid-immo.de\/index.php?rest_route=\/wp\/v2\/pages\/115\/revisions\/610"}],"up":[{"embeddable":true,"href":"https:\/\/www.kid-immo.de\/index.php?rest_route=\/wp\/v2\/pages\/347"}],"wp:attachment":[{"href":"https:\/\/www.kid-immo.de\/index.php?rest_route=%2Fwp%2Fv2%2Fmedia&parent=115"}],"curies":[{"name":"wp","href":"https:\/\/api.w.org\/{rel}","templated":true}]}}