{"id":156,"date":"2014-12-02T14:18:37","date_gmt":"2014-12-02T13:18:37","guid":{"rendered":"http:\/\/www.kid.v630.ncsrv.de\/?page_id=156"},"modified":"2016-05-06T08:57:37","modified_gmt":"2016-05-06T06:57:37","slug":"agb","status":"publish","type":"page","link":"https:\/\/www.kid-immo.de\/?page_id=156","title":{"rendered":"AGB"},"content":{"rendered":"[vc_row][vc_column width=&#8221;1\/1&#8243;][vc_column_text]\n<h3><strong>Gesch\u00e4fts- und Provisionsbedingungen<\/strong><br \/>\n<strong> der Firma KID Kirchge\u00dfner Immobiliendienstleistungen<\/strong><\/h3>\n<p><strong>\u00a0<\/strong><\/p>\n<ol>\n<li><strong>Irrt\u00fcmer sind ausdr\u00fccklich vorbehalten. S\u00e4mtliche Fl\u00e4chenangaben sind unverbindlich. Alle Angaben des Objektes basieren auf Aussage des Eigent\u00fcmers oder beauftragter Dritter. Eine Haftung f\u00fcr deren Richtigkeit und Vollst\u00e4ndigkeit k\u00f6nnen wir deshalb nicht \u00fcbernehmen. Es wird dem Kunden empfohlen s\u00e4mtliche Angaben zu \u00fcberpr\u00fcfen. Die Firma Kirchge\u00dfner Immobiliendienstleistungen \u00fcbernimmt hierf\u00fcr keinerlei Haftung.<\/strong><\/li>\n<\/ol>\n<p><strong>\u00a0<\/strong><\/p>\n<ol start=\"2\">\n<li><strong>Alle unsere Angebote, Immobilieninserate und deren Detailangaben sowie sonstige Mitteilungen sind nur f\u00fcr Sie \u2013 den Adressaten \u2013 als unseren Kunden bestimmt und m\u00fcssen vertraulich behandelt werden. Alle Gespr\u00e4che und Verhandlungen sind \u00fcber die Firma Kirchge\u00dfner Immobiliendienstleistungen zu f\u00fchren. Eine Weitergabe an Dritte ist an unsere ausdr\u00fcckliche schriftliche Zustimmung gebunden. Kommt in Folge unbefugter Weitergabe ein Vertrag mit dem nachgewiesenen Objekteigent\u00fcmer zustande, sind Sie verpflichtet, uns den Schaden in H\u00f6he der entgangenen Provisionen zu ersetzen.<\/strong><\/li>\n<\/ol>\n<p><strong>\u00a0<\/strong><\/p>\n<ol start=\"3\">\n<li><strong>Ist Ihnen eine von uns nachgewiesene Vertragsabschlussgelegenheit bereits bekannt, sind Sie verpflichtet, uns dies unter Offenlegung der Informationsquelle unverz\u00fcglich schriftlich mitzuteilen.<\/strong><\/li>\n<\/ol>\n<p><strong>\u00a0<\/strong><\/p>\n<ol start=\"4\">\n<li><strong>Wird Ihnen ein von uns angebotenes Objekt sp\u00e4ter durch Dritte angeboten, erlischt dadurch unser Provisionsanspruch nicht. Um eine doppelte Provisionszahlung zu vermeiden, wird empfohlen, den nachfolgenden Anbietern Ihre Vorkenntnis schriftlich geltend zu machen und auf Maklerdienste dieser Anbieter zu verzichten.<\/strong><\/li>\n<\/ol>\n<p><strong>\u00a0<\/strong><\/p>\n<ol start=\"5\">\n<li><strong>Im Verkaufsfall erheben wir f\u00fcr unsere Nachweis-\/Vermittlungsst\u00e4tigkeit seitens des K\u00e4ufers eine Maklercourtage von 3 % zzgl. gesetzlicher MwSt. aus dem jeweiligen Kaufpreis. Bei einer Vermietung erheben wir f\u00fcr unsere Nachweis-\/Vermittlungsst\u00e4tigkeit seitens des Mieters eine Maklercourtage in H\u00f6he von 2 Monatsmieten zzgl. gesetzlicher MwSt.. Die Maklercourtage erstreckt sich auf\u00a0mitverkaufte\/mitvermietete Leistungen und Zubeh\u00f6r sowie auf eventuell mitverkauftes bzw. vermietetes Inventar. Die Maklercourtage ist zur Zahlung f\u00e4llig am Tage des notariell beurkundeten Kaufvertrages bzw. nach Abschluss eines Mietvertrages. Die jeweilige Maklercourtage ist auch zur Zahlung f\u00e4llig, wenn ein wirtschaftlich gleichartiges oder gleichwertiges Gesch\u00e4ft zustande kommt.<\/strong><\/li>\n<\/ol>\n<p><strong>\u00a0<\/strong><\/p>\n<ol start=\"6\">\n<li><strong>Bei Provisionsanspruch haben wir auch dann einen Anspruch, wenn infolge unserer T\u00e4tigkeiten auch zu einem sp\u00e4teren Zeitpunkt der Kauf- bzw. Mietvertrag geschlossen wird.<\/strong><\/li>\n<\/ol>\n<p><strong>\u00a0<\/strong><\/p>\n<ol start=\"7\">\n<li><strong>Kommt ein Vertragsabschluss \u00fcber eines der von uns angebotenen Objekte zustande, sind Sie verpflichtet, uns dies unverz\u00fcglich mitzuteilen und die Vertragsbedingungen zu nennen. Ein Provisionsanspruch entsteht f\u00fcr uns auch dann, wenn der Vertrag zu Bedingungen abgeschlossen wurde, die von unserem Angebot nur unwesentlich abweichen und diesen wirtschaftlich gleichwertig sind.<\/strong><\/li>\n<\/ol>\n<p><strong>\u00a0<\/strong><\/p>\n<ol start=\"8\">\n<li><strong>Ein Zwischenverkauf bzw. \u2013vermietung bleibt bei jedem unserer Immobilienangebote ausdr\u00fccklich vorbehalten.<\/strong><\/li>\n<\/ol>\n<p><strong>\u00a0<\/strong><\/p>\n<ol start=\"9\">\n<li><strong>Als Immobilienmakler sind wir sowohl f\u00fcr den Verk\u00e4ufer \/ Vermieter als auch f\u00fcr den K\u00e4ufer \/ Mieter entgeltlich t\u00e4tig.<\/strong><\/li>\n<\/ol>\n<p><strong>\u00a0<\/strong><\/p>\n<ol>\n<li><strong>Die Firma Kirchge\u00dfner Immobiliendienstleistungen ist von jeglicher Haftung ausgeschlossen.<\/strong><\/li>\n<\/ol>\n<p><strong>\u00a0<\/strong><\/p>\n<ol>\n<li><strong>Die Entgegennahme unserer Angebote bedeutet zugleich unsere Auftragserteilung und Ihre Anerkennung unserer vorstehenden Gesch\u00e4ftsbedingungen.<\/strong><\/li>\n<\/ol>\n<p><strong>\u00a0<\/strong><\/p>\n<ol start=\"2\">\n<li><strong>Sollte eine oder mehrere der vorstehenden Bestimmungen ung\u00fcltig sein, so soll die Wirksamkeit der \u00fcbrigen Bestimmungen hiervon nicht ber\u00fchrt werden. Dies gilt auch, wenn innerhalb einer Regelung ein Teil unwirksam ist, ein anderer Teil aber wirksam.<\/strong><\/li>\n<\/ol>\n<p><strong>\u00a0<\/strong><\/p>\n<p><strong>Buchen, im Dezember 2014<\/strong>[\/vc_column_text][\/vc_column][\/vc_row]\n","protected":false},"excerpt":{"rendered":"<p>[vc_row][vc_column width=&#8221;1\/1&#8243;][vc_column_text] Gesch\u00e4fts- und Provisionsbedingungen der Firma KID Kirchge\u00dfner Immobiliendienstleistungen \u00a0 Irrt\u00fcmer sind ausdr\u00fccklich vorbehalten. S\u00e4mtliche Fl\u00e4chenangaben sind unverbindlich. Alle Angaben des Objektes basieren auf Aussage des Eigent\u00fcmers oder beauftragter Dritter. Eine Haftung f\u00fcr deren Richtigkeit und Vollst\u00e4ndigkeit k\u00f6nnen wir deshalb nicht \u00fcbernehmen. Es wird dem Kunden empfohlen s\u00e4mtliche Angaben zu \u00fcberpr\u00fcfen. Die Firma Kirchge\u00dfner Immobiliendienstleistungen \u00fcbernimmt hierf\u00fcr keinerlei Haftung. \u00a0 Alle unsere Angebote, Immobilieninserate und deren Detailangaben sowie sonstige Mitteilungen sind nur f\u00fcr Sie \u2013 den Adressaten \u2013 als unseren Kunden bestimmt und m\u00fcssen vertraulich behandelt werden. Alle Gespr\u00e4che und Verhandlungen sind \u00fcber die Firma Kirchge\u00dfner Immobiliendienstleistungen zu f\u00fchren. Eine Weitergabe an Dritte ist an unsere ausdr\u00fcckliche schriftliche Zustimmung gebunden. Kommt in Folge unbefugter Weitergabe ein Vertrag mit dem nachgewiesenen Objekteigent\u00fcmer zustande, sind Sie verpflichtet, uns den Schaden in H\u00f6he der entgangenen Provisionen zu ersetzen. \u00a0 Ist Ihnen eine von uns nachgewiesene Vertragsabschlussgelegenheit bereits bekannt, sind Sie verpflichtet, uns dies unter Offenlegung der Informationsquelle unverz\u00fcglich schriftlich mitzuteilen. \u00a0 Wird Ihnen ein von uns angebotenes Objekt sp\u00e4ter durch Dritte angeboten, erlischt dadurch unser Provisionsanspruch nicht. Um eine doppelte Provisionszahlung zu vermeiden, wird empfohlen, den nachfolgenden Anbietern Ihre Vorkenntnis schriftlich geltend zu machen und auf Maklerdienste dieser Anbieter zu verzichten. \u00a0 Im Verkaufsfall erheben wir f\u00fcr unsere Nachweis-\/Vermittlungsst\u00e4tigkeit seitens des K\u00e4ufers eine Maklercourtage von 3 % zzgl. gesetzlicher MwSt. aus dem jeweiligen Kaufpreis. Bei einer Vermietung erheben wir f\u00fcr unsere Nachweis-\/Vermittlungsst\u00e4tigkeit seitens des Mieters eine Maklercourtage in H\u00f6he von 2 Monatsmieten zzgl. gesetzlicher MwSt.. Die Maklercourtage erstreckt sich auf\u00a0mitverkaufte\/mitvermietete Leistungen und Zubeh\u00f6r sowie auf eventuell mitverkauftes bzw. vermietetes Inventar. Die Maklercourtage ist zur Zahlung f\u00e4llig am Tage des notariell beurkundeten Kaufvertrages bzw. nach Abschluss eines Mietvertrages. Die jeweilige Maklercourtage ist auch zur Zahlung f\u00e4llig, wenn ein wirtschaftlich gleichartiges oder gleichwertiges Gesch\u00e4ft zustande kommt. \u00a0 Bei Provisionsanspruch haben wir auch dann einen Anspruch, wenn infolge unserer T\u00e4tigkeiten auch zu einem sp\u00e4teren Zeitpunkt der Kauf- bzw. Mietvertrag geschlossen wird. \u00a0 Kommt ein Vertragsabschluss \u00fcber eines der von uns angebotenen Objekte zustande, sind Sie verpflichtet, uns dies unverz\u00fcglich mitzuteilen und die Vertragsbedingungen zu nennen. Ein Provisionsanspruch entsteht f\u00fcr uns auch dann, wenn der Vertrag zu Bedingungen abgeschlossen wurde, die von unserem Angebot nur unwesentlich abweichen und diesen wirtschaftlich gleichwertig sind. \u00a0 Ein Zwischenverkauf bzw. \u2013vermietung bleibt bei jedem unserer Immobilienangebote ausdr\u00fccklich vorbehalten. \u00a0 Als Immobilienmakler sind wir sowohl f\u00fcr den Verk\u00e4ufer \/ Vermieter als auch f\u00fcr den K\u00e4ufer \/ Mieter entgeltlich t\u00e4tig. \u00a0 Die Firma Kirchge\u00dfner Immobiliendienstleistungen ist von jeglicher Haftung ausgeschlossen. \u00a0 Die Entgegennahme unserer Angebote bedeutet zugleich unsere Auftragserteilung und Ihre Anerkennung unserer vorstehenden Gesch\u00e4ftsbedingungen. \u00a0 Sollte eine oder mehrere der vorstehenden Bestimmungen ung\u00fcltig sein, so soll die Wirksamkeit der \u00fcbrigen Bestimmungen hiervon nicht ber\u00fchrt werden. Dies gilt auch, wenn innerhalb einer Regelung ein Teil unwirksam ist, ein anderer Teil aber wirksam. \u00a0 Buchen, im Dezember 2014[\/vc_column_text][\/vc_column][\/vc_row]<\/p>\n","protected":false},"author":1,"featured_media":0,"parent":0,"menu_order":0,"comment_status":"closed","ping_status":"closed","template":"","meta":[],"_links":{"self":[{"href":"https:\/\/www.kid-immo.de\/index.php?rest_route=\/wp\/v2\/pages\/156"}],"collection":[{"href":"https:\/\/www.kid-immo.de\/index.php?rest_route=\/wp\/v2\/pages"}],"about":[{"href":"https:\/\/www.kid-immo.de\/index.php?rest_route=\/wp\/v2\/types\/page"}],"author":[{"embeddable":true,"href":"https:\/\/www.kid-immo.de\/index.php?rest_route=\/wp\/v2\/users\/1"}],"replies":[{"embeddable":true,"href":"https:\/\/www.kid-immo.de\/index.php?rest_route=%2Fwp%2Fv2%2Fcomments&post=156"}],"version-history":[{"count":5,"href":"https:\/\/www.kid-immo.de\/index.php?rest_route=\/wp\/v2\/pages\/156\/revisions"}],"predecessor-version":[{"id":1122,"href":"https:\/\/www.kid-immo.de\/index.php?rest_route=\/wp\/v2\/pages\/156\/revisions\/1122"}],"wp:attachment":[{"href":"https:\/\/www.kid-immo.de\/index.php?rest_route=%2Fwp%2Fv2%2Fmedia&parent=156"}],"curies":[{"name":"wp","href":"https:\/\/api.w.org\/{rel}","templated":true}]}}