{"id":158,"date":"2014-12-02T14:19:01","date_gmt":"2014-12-02T13:19:01","guid":{"rendered":"http:\/\/www.kid.v630.ncsrv.de\/?page_id=158"},"modified":"2016-04-13T14:41:33","modified_gmt":"2016-04-13T12:41:33","slug":"widerrufsbelehrung","status":"publish","type":"page","link":"https:\/\/www.kid-immo.de\/?page_id=158","title":{"rendered":"Widerrufsbelehrung"},"content":{"rendered":"[vc_row][vc_column width=&#8221;1\/1&#8243;][vc_column_text]\n<h3><strong>Widerrufsrecht f\u00fcr Verbraucher<\/strong><\/h3>\n<p><strong>Sie haben das Recht, binnen vierzehn Tagen ohne Angabe von Gr\u00fcnden diesen Vertrag zu widerrufen.<\/strong><\/p>\n<p><strong>Die Widerrufsfrist betr\u00e4gt vierzehn Tage ab dem Tag des Vertragsabschlusses.<\/strong><\/p>\n<p><strong>Um Ihr Widerrufsrecht auszu\u00fcben, m\u00fcssen Sie uns Kirchge\u00dfner Immobiliendienstleistungen, Am R\u00fchlingshof 2a\u00a0in 74722 Buchen, Tel.: 06281-564 234, Fax 06281-563 133, Email kirchgessner@kid-immobilien.de mittels einer eindeutigen Erkl\u00e4rung (z.B. ein mit der Post versandter Brief, Telefax oder E-Mail) \u00fcber Ihren Entschluss, diesen Vertrag zu widerrufen, informieren. Sie k\u00f6nnen daf\u00fcr das beigef\u00fcgte Muster-Widerrufsformular verwenden, das jedoch nicht vorgeschrieben ist.<\/strong><\/p>\n<p><strong>Zur Wahrung der Widerrufsfrist reicht es aus, dass Sie die Mitteilung \u00fcber die Aus\u00fcbung des Widerrufsrechts vor Ablauf der Widerrufsfrist absenden.<\/strong><\/p>\n<p><strong>\u00a0<\/strong><\/p>\n<h3><strong>Folgen des Widerrufs<\/strong><\/h3>\n<p><strong>Wenn Sie diesen Vertrag widerrufen, haben wir Ihnen alle Zahlungen, die wir von Ihnen erhalten haben, einschlie\u00dflich der Lieferkosten (mit Ausnahme der zus\u00e4tzlichen Kosten, die sich daraus ergeben, dass Sie eine andere Art der Lieferung als die von uns angebotene, g\u00fcnstigste Standardlieferung gew\u00e4hlt haben), unverz\u00fcglich und sp\u00e4testens binnen vierzehn Tagen ab dem Tag zur\u00fcckzuzahlen, an dem die Mitteilung \u00fcber Ihren Widerruf dieses Vertrags bei uns eingegangen ist. F\u00fcr diese R\u00fcckzahlung verwenden wir dasselbe Zahlungsmittel, das Sie bei der urspr\u00fcnglichen Transaktion eingesetzt haben, es sei denn, mit Ihnen wurde ausdr\u00fccklich etwas anderes vereinbart; in keinem Fall werden Ihnen wegen dieser R\u00fcckzahlung Entgelte berechnet.<\/strong><\/p>\n<p><strong>Haben Sie verlangt, dass die Dienstleistungen w\u00e4hrend der Widerrufsfrist beginnen soll, so haben Sie uns einen angemessenen Betrag zu zahlen, der dem Anteil der bis zu dem Zeitpunkt, zu dem Sie uns von der Aus\u00fcbung des Widerrufsrechts hinsichtlich dieses Vertrags unterrichten, bereits erbrachten Dienstleistungen im Vergleich zum Gesamtumfang der im Vertrag vorgesehenen Dienstleistung entspricht.<\/strong><\/p>\n<p><strong>\u00a0<\/strong><\/p>\n<h3><strong>Hinweis zum vorzeitigen Erl\u00f6schen des Widerrufsrechts<\/strong><\/h3>\n<p><strong>Ihr Widerrufsrecht erlischt bei einem Vertrag zur Erbringung von Dienstleistungen vorzeitig, wenn wir die Dienstleistung vollst\u00e4ndig erbracht haben und mit der Ausf\u00fchrung der Dienstleistung erst begonnen haben, nachdem Sie dazu Ihre ausdr\u00fcckliche Zustimmung gegeben haben und gleichzeitig Ihre Kenntnis davon best\u00e4tigt haben, dass Sie Ihr Widerrufsrecht bei vollst\u00e4ndiger Vertragserf\u00fcllung durch uns verlieren.<\/strong><\/p>\n<p><strong>\u00a0<\/strong><\/p>\n<h3><strong>Muster-Widerrufsformular<\/strong><\/h3>\n<p><strong>(Wenn Sie den Vertrag widerrufen wollen, dann f\u00fcllen Sie bitte dieses Formular aus und senden Sie es zur\u00fcck.)<\/strong><\/p>\n<p><strong>An<\/strong><br \/>\n<strong> Kirchge\u00dfner Immobiliendienstleistungen, Am R\u00fchlingshof 2a\u00a0in 74722 Buchen, Tel.: 06281-564 234, Fax 06281-563 133, Email kirchgessner@kid-immobilien.de<\/strong><\/p>\n<ul>\n<li><strong>Hiermit widerrufe(n) ich\/wir (*) den von mir\/uns (*) abgeschlossenen Vertrag \u00fcber den Kauf der folgenden Waren (*)\/ die Erbringung der folgenden Dienstleistung (*) Bestellt am (*)\/erhalten am (*)<\/strong><\/li>\n<li><strong>Name des\/der Verbraucher(s)<\/strong><\/li>\n<li><strong>Anschrift des\/der Verbraucher(s)<\/strong><\/li>\n<li><strong>Unterschrift des\/der Verbraucher(s) (nur bei Mitteilung auf Papier)<\/strong><\/li>\n<li><strong>Ort, Datum<\/strong><\/li>\n<\/ul>\n<p><strong>\u00a0<\/strong><\/p>\n<p><strong>____________________________<\/strong><\/p>\n<p><strong>(*) Unzutreffendes streichen.<\/strong>[\/vc_column_text][\/vc_column][\/vc_row]\n","protected":false},"excerpt":{"rendered":"<p>[vc_row][vc_column width=&#8221;1\/1&#8243;][vc_column_text] Widerrufsrecht f\u00fcr Verbraucher Sie haben das Recht, binnen vierzehn Tagen ohne Angabe von Gr\u00fcnden diesen Vertrag zu widerrufen. Die Widerrufsfrist betr\u00e4gt vierzehn Tage ab dem Tag des Vertragsabschlusses. Um Ihr Widerrufsrecht auszu\u00fcben, m\u00fcssen Sie uns Kirchge\u00dfner Immobiliendienstleistungen, Am R\u00fchlingshof 2a\u00a0in 74722 Buchen, Tel.: 06281-564 234, Fax 06281-563 133, Email kirchgessner@kid-immobilien.de mittels einer eindeutigen Erkl\u00e4rung (z.B. ein mit der Post versandter Brief, Telefax oder E-Mail) \u00fcber Ihren Entschluss, diesen Vertrag zu widerrufen, informieren. Sie k\u00f6nnen daf\u00fcr das beigef\u00fcgte Muster-Widerrufsformular verwenden, das jedoch nicht vorgeschrieben ist. Zur Wahrung der Widerrufsfrist reicht es aus, dass Sie die Mitteilung \u00fcber die Aus\u00fcbung des Widerrufsrechts vor Ablauf der Widerrufsfrist absenden. \u00a0 Folgen des Widerrufs Wenn Sie diesen Vertrag widerrufen, haben wir Ihnen alle Zahlungen, die wir von Ihnen erhalten haben, einschlie\u00dflich der Lieferkosten (mit Ausnahme der zus\u00e4tzlichen Kosten, die sich daraus ergeben, dass Sie eine andere Art der Lieferung als die von uns angebotene, g\u00fcnstigste Standardlieferung gew\u00e4hlt haben), unverz\u00fcglich und sp\u00e4testens binnen vierzehn Tagen ab dem Tag zur\u00fcckzuzahlen, an dem die Mitteilung \u00fcber Ihren Widerruf dieses Vertrags bei uns eingegangen ist. F\u00fcr diese R\u00fcckzahlung verwenden wir dasselbe Zahlungsmittel, das Sie bei der urspr\u00fcnglichen Transaktion eingesetzt haben, es sei denn, mit Ihnen wurde ausdr\u00fccklich etwas anderes vereinbart; in keinem Fall werden Ihnen wegen dieser R\u00fcckzahlung Entgelte berechnet. Haben Sie verlangt, dass die Dienstleistungen w\u00e4hrend der Widerrufsfrist beginnen soll, so haben Sie uns einen angemessenen Betrag zu zahlen, der dem Anteil der bis zu dem Zeitpunkt, zu dem Sie uns von der Aus\u00fcbung des Widerrufsrechts hinsichtlich dieses Vertrags unterrichten, bereits erbrachten Dienstleistungen im Vergleich zum Gesamtumfang der im Vertrag vorgesehenen Dienstleistung entspricht. \u00a0 Hinweis zum vorzeitigen Erl\u00f6schen des Widerrufsrechts Ihr Widerrufsrecht erlischt bei einem Vertrag zur Erbringung von Dienstleistungen vorzeitig, wenn wir die Dienstleistung vollst\u00e4ndig erbracht haben und mit der Ausf\u00fchrung der Dienstleistung erst begonnen haben, nachdem Sie dazu Ihre ausdr\u00fcckliche Zustimmung gegeben haben und gleichzeitig Ihre Kenntnis davon best\u00e4tigt haben, dass Sie Ihr Widerrufsrecht bei vollst\u00e4ndiger Vertragserf\u00fcllung durch uns verlieren. \u00a0 Muster-Widerrufsformular (Wenn Sie den Vertrag widerrufen wollen, dann f\u00fcllen Sie bitte dieses Formular aus und senden Sie es zur\u00fcck.) An Kirchge\u00dfner Immobiliendienstleistungen, Am R\u00fchlingshof 2a\u00a0in 74722 Buchen, Tel.: 06281-564 234, Fax 06281-563 133, Email kirchgessner@kid-immobilien.de Hiermit widerrufe(n) ich\/wir (*) den von mir\/uns (*) abgeschlossenen Vertrag \u00fcber den Kauf der folgenden Waren (*)\/ die Erbringung der folgenden Dienstleistung (*) Bestellt am (*)\/erhalten am (*) Name des\/der Verbraucher(s) Anschrift des\/der Verbraucher(s) Unterschrift des\/der Verbraucher(s) (nur bei Mitteilung auf Papier) Ort, Datum \u00a0 ____________________________ (*) Unzutreffendes streichen.[\/vc_column_text][\/vc_column][\/vc_row]<\/p>\n","protected":false},"author":1,"featured_media":0,"parent":0,"menu_order":0,"comment_status":"closed","ping_status":"closed","template":"","meta":[],"_links":{"self":[{"href":"https:\/\/www.kid-immo.de\/index.php?rest_route=\/wp\/v2\/pages\/158"}],"collection":[{"href":"https:\/\/www.kid-immo.de\/index.php?rest_route=\/wp\/v2\/pages"}],"about":[{"href":"https:\/\/www.kid-immo.de\/index.php?rest_route=\/wp\/v2\/types\/page"}],"author":[{"embeddable":true,"href":"https:\/\/www.kid-immo.de\/index.php?rest_route=\/wp\/v2\/users\/1"}],"replies":[{"embeddable":true,"href":"https:\/\/www.kid-immo.de\/index.php?rest_route=%2Fwp%2Fv2%2Fcomments&post=158"}],"version-history":[{"count":4,"href":"https:\/\/www.kid-immo.de\/index.php?rest_route=\/wp\/v2\/pages\/158\/revisions"}],"predecessor-version":[{"id":1095,"href":"https:\/\/www.kid-immo.de\/index.php?rest_route=\/wp\/v2\/pages\/158\/revisions\/1095"}],"wp:attachment":[{"href":"https:\/\/www.kid-immo.de\/index.php?rest_route=%2Fwp%2Fv2%2Fmedia&parent=158"}],"curies":[{"name":"wp","href":"https:\/\/api.w.org\/{rel}","templated":true}]}}