{"id":17,"date":"2014-10-23T01:22:08","date_gmt":"2014-10-22T23:22:08","guid":{"rendered":"http:\/\/www.kid.v630.ncsrv.de\/?page_id=17"},"modified":"2014-12-23T12:49:36","modified_gmt":"2014-12-23T11:49:36","slug":"sie-wollen-verkaufen","status":"publish","type":"page","link":"https:\/\/www.kid-immo.de\/?page_id=17","title":{"rendered":"Sie wollen verkaufen"},"content":{"rendered":"[vc_row][vc_column width=&#8221;1\/1&#8243;][vc_column_text]\n<h3>Gerne beraten wir Sie kostenlos und unverbindlich \u00fcber alle Details, die beim Verkauf einer Immobilie zu beachten sind.<\/h3>\n<p><strong>Wir sch\u00e4tzen den Verkaufswert Ihrer Immobilie fachkundig ein.<br \/>\n<\/strong><br \/>\n<strong> Auf Wunsch \u00fcbernehmen wir f\u00fcr Sie die komplette Vermarktung professionell und f\u00fcr Sie unkompliziert<\/strong>[\/vc_column_text][\/vc_column][\/vc_row][vc_row css=&#8221;.vc_custom_1419330562178{margin-right: 0px !important;margin-left: 0px !important;padding-right: 10px !important;padding-bottom: 10px !important;padding-left: 10px !important;}&#8221; bg_type=&#8221;bg_color&#8221; bg_color_value=&#8221;#d0e3e8&#8243; parallax_style=&#8221;vcpb-default&#8221; bg_image_repeat=&#8221;no-repeat&#8221; bg_image_size=&#8221;cover&#8221; bg_img_attach=&#8221;fixed&#8221; parallax_sense=&#8221;30&#8243; animation_direction=&#8221;left-animation&#8221; animation_repeat=&#8221;repeat&#8221; bg_override=&#8221;0&#8243; parallax_content_sense=&#8221;30&#8243; fadeout_start_effect=&#8221;30&#8243; overlay_pattern_opacity=&#8221;80&#8243; seperator_type=&#8221;none_seperator&#8221; seperator_position=&#8221;top_seperator&#8221; seperator_shape_size=&#8221;40&#8243; seperator_svg_height=&#8221;60&#8243; seperator_shape_background=&#8221;#ffffff&#8221; seperator_shape_border=&#8221;none&#8221; seperator_shape_border_width=&#8221;1&#8243; icon_type=&#8221;no_icon&#8221; icon_size=&#8221;32&#8243; icon_style=&#8221;none&#8221; icon_color_border=&#8221;#333333&#8243; icon_border_size=&#8221;1&#8243; icon_border_radius=&#8221;500&#8243; icon_border_spacing=&#8221;50&#8243; img_width=&#8221;48&#8243; bg_grad=&#8221;background: -webkit-gradient(linear, left top, left bottom, color-stop(0%, #E3E3E3));background: -moz-linear-gradient(top,#E3E3E3 0%);background: -webkit-linear-gradient(top,#E3E3E3 0%);background: -o-linear-gradient(top,#E3E3E3 0%);background: -ms-linear-gradient(top,#E3E3E3 0%);background: linear-gradient(top,#E3E3E3 0%);&#8221; multi_color_overlay_opacity=&#8221;0.6&#8243; ult_hide_row_large_screen=&#8221;off&#8221; ult_hide_row_desktop=&#8221;off&#8221; ult_hide_row_tablet=&#8221;off&#8221; ult_hide_row_tablet_small=&#8221;off&#8221; ult_hide_row_mobile=&#8221;off&#8221; ult_hide_row_mobile_large=&#8221;off&#8221;][vc_column width=&#8221;1\/1&#8243;][vc_column_text]<form method=\"post\" class=\"ether-form\" id=\"ether-form-177\" enctype=\"multipart\/form-data\" encoding=\"multipart\/form-data\"><fieldset><h3>Ihre Immobilie bietet<\/h3>\t\t\t\t\t<div class=\"ether-cols ether-cols-2 \">\n\t\t\t\t\t\t<div class=\"ether-col \"><label for=\"ether_form[1418358675562]\"><span class=\"ether-label-title\">Stadt: <abbr title=\"required\">*<\/abbr><\/span> <input type=\"text\" name=\"ether_form[1418358675562]\" value=\"\" \/><small><\/small><\/label><label for=\"ether_form[1417632569639]\"><span class=\"ether-label-title\">Art der Immobilie: <abbr title=\"required\">*<\/abbr><\/span> <select name=\"ether_form[1417632569639]\"><option value=\"Wohnhaus\">Wohnhaus\r<\/option><option value=\"Wohnung\">Wohnung\r<\/option><option value=\"Grundst\u00fcck\">Grundst\u00fcck\r<\/option><option value=\"Gewerbeimmobilie\">Gewerbeimmobilie\r<\/option><option value=\"Kapitalanlage\">Kapitalanlage<\/option><\/select><small><\/small><\/label><label for=\"ether_form[1418290836427]\"><span class=\"ether-label-title\">Wohnfl\u00e4che: (in m\u00b2)<\/span> <input type=\"text\" name=\"ether_form[1418290836427]\" value=\"\" \/><small><\/small><\/label><label for=\"ether_form[1417895444878]\"><span class=\"ether-label-title\">Preisvorstellung:  <abbr title=\"required\">*<\/abbr><\/span> <input type=\"text\" name=\"ether_form[1417895444878]\" value=\"\" \/><small><\/small><\/label><\/div>\n\t\t\t\t\t\t<div class=\"ether-col \"><label for=\"ether_form[1418416597327]\"><span class=\"ether-label-title\">Lage: <abbr title=\"required\">*<\/abbr><\/span> <select name=\"ether_form[1418416597327]\"><option value=\"Innenstadt\">Innenstadt\r<\/option><option value=\"Stadtrand\">Stadtrand\r<\/option><option value=\"Wohngebiet\">Wohngebiet\r<\/option><option value=\"Gewerbegebiet\">Gewerbegebiet\r<\/option><option value=\"Ortsteil\">Ortsteil<\/option><\/select><small><\/small><\/label><label for=\"ether_form[1418259425173]\"><span class=\"ether-label-title\">Grundst\u00fccksgr\u00f6\u00dfe: (in m\u00b2)<\/span> <input type=\"text\" name=\"ether_form[1418259425173]\" value=\"\" \/><small><\/small><\/label><label for=\"ether_form[1417838972590]\"><span class=\"ether-label-title\">Zimmeranzahl:<\/span> <input type=\"text\" name=\"ether_form[1417838972590]\" value=\"\" \/><small><\/small><\/label><\/div>\n\t\t\t\t\t<\/div>\n<h3>Ihre Daten<\/h3>\t\t\t\t\t<div class=\"ether-cols ether-cols-2 \">\n\t\t\t\t\t\t<div class=\"ether-col \"><label for=\"ether_form[1418074598195]\"><span class=\"ether-label-title\">Vorname: <abbr title=\"required\">*<\/abbr><\/span> <input type=\"text\" name=\"ether_form[1418074598195]\" value=\"\" \/><small><\/small><\/label><label for=\"ether_form[1418163821646]\"><span class=\"ether-label-title\">Stra\u00dfe: <abbr title=\"required\">*<\/abbr><\/span> <input type=\"text\" name=\"ether_form[1418163821646]\" value=\"\" \/><small><\/small><\/label><label for=\"ether_form[1417938584317]\"><span class=\"ether-label-title\">PLZ: <abbr title=\"required\">*<\/abbr><\/span> <input type=\"text\" name=\"ether_form[1417938584317]\" value=\"\" \/><small><\/small><\/label><label for=\"ether_form[1417866391501]\"><span class=\"ether-label-title\">Telefon: <abbr title=\"required\">*<\/abbr><\/span> <input type=\"text\" name=\"ether_form[1417866391501]\" value=\"\" \/><small><\/small><\/label><\/div>\n\t\t\t\t\t\t<div class=\"ether-col \"><label for=\"ether_form[1418492144010]\"><span class=\"ether-label-title\">Name: <abbr title=\"required\">*<\/abbr><\/span> <input type=\"text\" name=\"ether_form[1418492144010]\" value=\"\" \/><small><\/small><\/label><label for=\"ether_form[1418426567205]\"><span class=\"ether-label-title\">Nummer: <abbr title=\"required\">*<\/abbr><\/span> <input type=\"text\" name=\"ether_form[1418426567205]\" value=\"\" \/><small><\/small><\/label><label for=\"ether_form[1417660830203]\"><span class=\"ether-label-title\">Stadt: <abbr title=\"required\">*<\/abbr><\/span> <input type=\"text\" name=\"ether_form[1417660830203]\" value=\"\" \/><small><\/small><\/label><label for=\"ether_form[1418199135681]\"><span class=\"ether-label-title\">E-Mail:<\/span> <input type=\"text\" name=\"ether_form[1418199135681]\" value=\"\" \/><small><\/small><\/label><\/div>\n\t\t\t\t\t<\/div>\n<h3>F\u00fcr welche W\u00fcnsche und Anliegen k\u00f6nnen wir f\u00fcr Sie da sein?<\/h3><label for=\"ether_form[1418092251106]\"><span class=\"ether-label-title\">Nachricht:<\/span> <textarea name=\"ether_form[1418092251106]\"><\/textarea><small><\/small><\/label><b>Nutzungsbedingungen:<\/br>Mit Verwendung des Formulars best\u00e4tige ich, die <a href=\"\/?page_id=156\/\">Allgemeinen Gesch\u00e4ftsbedingungen<\/a> und die <a href=\"\/?page_id=158\/\">Widerrufsbelehrung<\/a> gelesen und verstanden zu haben.<\/b>\t\t\t\t\t<div class=\"ether-cols ether-cols-2 \">\n\t\t\t\t\t\t<div class=\"ether-col \"><label for=\"ether_form[1420238152518]\"><input type=\"checkbox\" name=\"ether_form[1420238152518]\" \/><span class=\"ether-label-title\">Allgemeine Gesch\u00e4ftsbedingungen <abbr title=\"required\">*<\/abbr><\/span><small><\/small><\/label><\/div>\n\t\t\t\t\t\t<div class=\"ether-col \"><label for=\"ether_form[1420246068021]\"><input type=\"checkbox\" name=\"ether_form[1420246068021]\" \/><span class=\"ether-label-title\">Widerrufsbelehrung <abbr title=\"required\">*<\/abbr><\/span><small><\/small><\/label><\/div>\n\t\t\t\t\t<\/div>\n<label for=\"ether_form[1527124999557]\"><input type=\"checkbox\" name=\"ether_form[1527124999557]\" \/><span class=\"ether-label-title\">Ich stimme zu, dass meine Angaben aus dem Kontaktformular zur Beantwortung meiner Anfrage erhoben und verarbeitet werden. Die Daten werden nach abgeschlossener Bearbeitung Ihrer Anfrage gel\u00f6scht. Hinweis: Sie k\u00f6nnen Ihre Einwilligung jederzeit f\u00fcr die Zukunft per E-Mail an info@kid-immobilien.de widerrufen. <abbr title=\"required\">*<\/abbr><\/span><small><\/small><\/label><\/br><p>Detaillierte Informationen zum Umgang mit Nutzerdaten finden Sie in unserer <a href=\"\/datenschutzerklaerung\">Datenschutzerkl\u00e4rung<\/a>.<\/p><div class=\"ether-buttonset-1\"><button type=\"submit\" class=\"ether-button ether-button-medium ether-alignright btn_kid\" style=\"color: #ffffff;background-color: #830009; \" name=\"ether_form[submit]\"><span>Abschicken<\/span><\/button><\/div><input type=\"hidden\" name=\"ether_form_id\" value=\"177\" \/><\/fieldset><\/form>[\/vc_column_text][\/vc_column][\/vc_row]\n","protected":false},"excerpt":{"rendered":"<p>[vc_row][vc_column width=&#8221;1\/1&#8243;][vc_column_text] Gerne beraten wir Sie kostenlos und unverbindlich \u00fcber alle Details, die beim Verkauf einer Immobilie zu beachten sind. Wir sch\u00e4tzen den Verkaufswert Ihrer Immobilie fachkundig ein. Auf Wunsch \u00fcbernehmen wir f\u00fcr Sie die komplette Vermarktung professionell und f\u00fcr Sie unkompliziert[\/vc_column_text][\/vc_column][\/vc_row][vc_row css=&#8221;.vc_custom_1419330562178{margin-right: 0px !important;margin-left: 0px !important;padding-right: 10px !important;padding-bottom: 10px !important;padding-left: 10px !important;}&#8221; bg_type=&#8221;bg_color&#8221; bg_color_value=&#8221;#d0e3e8&#8243; parallax_style=&#8221;vcpb-default&#8221; bg_image_repeat=&#8221;no-repeat&#8221; bg_image_size=&#8221;cover&#8221; bg_img_attach=&#8221;fixed&#8221; parallax_sense=&#8221;30&#8243; animation_direction=&#8221;left-animation&#8221; animation_repeat=&#8221;repeat&#8221; bg_override=&#8221;0&#8243; parallax_content_sense=&#8221;30&#8243; fadeout_start_effect=&#8221;30&#8243; overlay_pattern_opacity=&#8221;80&#8243; seperator_type=&#8221;none_seperator&#8221; seperator_position=&#8221;top_seperator&#8221; seperator_shape_size=&#8221;40&#8243; seperator_svg_height=&#8221;60&#8243; seperator_shape_background=&#8221;#ffffff&#8221; seperator_shape_border=&#8221;none&#8221; seperator_shape_border_width=&#8221;1&#8243; icon_type=&#8221;no_icon&#8221; icon_size=&#8221;32&#8243; icon_style=&#8221;none&#8221; icon_color_border=&#8221;#333333&#8243; icon_border_size=&#8221;1&#8243; icon_border_radius=&#8221;500&#8243; icon_border_spacing=&#8221;50&#8243; img_width=&#8221;48&#8243; bg_grad=&#8221;background: -webkit-gradient(linear, left top, left bottom, color-stop(0%, #E3E3E3));background: -moz-linear-gradient(top,#E3E3E3 0%);background: -webkit-linear-gradient(top,#E3E3E3 0%);background: -o-linear-gradient(top,#E3E3E3 0%);background: -ms-linear-gradient(top,#E3E3E3 0%);background: linear-gradient(top,#E3E3E3 0%);&#8221; multi_color_overlay_opacity=&#8221;0.6&#8243; ult_hide_row_large_screen=&#8221;off&#8221; ult_hide_row_desktop=&#8221;off&#8221; ult_hide_row_tablet=&#8221;off&#8221; ult_hide_row_tablet_small=&#8221;off&#8221; ult_hide_row_mobile=&#8221;off&#8221; ult_hide_row_mobile_large=&#8221;off&#8221;][vc_column width=&#8221;1\/1&#8243;][vc_column_text][\/vc_column_text][\/vc_column][\/vc_row]<\/p>\n","protected":false},"author":1,"featured_media":0,"parent":0,"menu_order":0,"comment_status":"closed","ping_status":"closed","template":"","meta":[],"_links":{"self":[{"href":"https:\/\/www.kid-immo.de\/index.php?rest_route=\/wp\/v2\/pages\/17"}],"collection":[{"href":"https:\/\/www.kid-immo.de\/index.php?rest_route=\/wp\/v2\/pages"}],"about":[{"href":"https:\/\/www.kid-immo.de\/index.php?rest_route=\/wp\/v2\/types\/page"}],"author":[{"embeddable":true,"href":"https:\/\/www.kid-immo.de\/index.php?rest_route=\/wp\/v2\/users\/1"}],"replies":[{"embeddable":true,"href":"https:\/\/www.kid-immo.de\/index.php?rest_route=%2Fwp%2Fv2%2Fcomments&post=17"}],"version-history":[{"count":7,"href":"https:\/\/www.kid-immo.de\/index.php?rest_route=\/wp\/v2\/pages\/17\/revisions"}],"predecessor-version":[{"id":571,"href":"https:\/\/www.kid-immo.de\/index.php?rest_route=\/wp\/v2\/pages\/17\/revisions\/571"}],"wp:attachment":[{"href":"https:\/\/www.kid-immo.de\/index.php?rest_route=%2Fwp%2Fv2%2Fmedia&parent=17"}],"curies":[{"name":"wp","href":"https:\/\/api.w.org\/{rel}","templated":true}]}}