{"id":381,"date":"2014-12-22T14:34:43","date_gmt":"2014-12-22T13:34:43","guid":{"rendered":"http:\/\/www.kid.v630.ncsrv.de\/?page_id=381"},"modified":"2022-10-19T10:16:29","modified_gmt":"2022-10-19T08:16:29","slug":"buero-ladenlokal-in-bester-lage-wallduerns","status":"publish","type":"page","link":"https:\/\/www.kid-immo.de\/","title":{"rendered":"Startseite"},"content":{"rendered":"[vc_row][vc_column][vc_single_image image=&#8221;749&#8243; img_size=&#8221;700&#215;350&#8243;][\/vc_column][\/vc_row][vc_row css=&#8221;.vc_custom_1419350097855{margin-top: -10px !important;margin-right: -10px !important;margin-bottom: 20px !important;margin-left: -20px !important;}&#8221;][vc_column width=&#8221;1\/2&#8243;][vc_column_text]<a href='\/?post_type=objekte' onclick='' class='wpi_designer_button   wpi_shadow wpi_shadow_no wpi_text_shadow_no wpi_texture_no wpi_border_all wpi_padding_20px wpi_rectangle wpi_designer_button_3125 wpi_icon wpi_icon_no wpi_icon_left  ' target='' rel=''><i class=''><\/i><span class='wpi_text'>IMMOBILIEN<\/span><\/a>[\/vc_column_text][\/vc_column][vc_column width=&#8221;1\/2&#8243;][vc_column_text]<a href='\/?page_id=113 ' onclick='' class='wpi_designer_button   wpi_shadow wpi_shadow_no wpi_text_shadow_no wpi_texture_no wpi_border_all wpi_padding_20px wpi_rectangle wpi_designer_button_3125 wpi_icon wpi_icon_no wpi_icon_left  ' target='' rel=''><i class=''><\/i><span class='wpi_text'>HAUSVERWALTUNG<\/span><\/a>[\/vc_column_text][\/vc_column][\/vc_row][vc_row css=&#8221;.vc_custom_1419350129278{padding-top: 20px !important;}&#8221;][vc_column][vc_column_text]\n<h1>Herzlich Willkommen bei der Firma Kirchgessner Immobiliendienstleistungen<\/h1>\n<p>Hier wird Ihnen mit langj\u00e4hriger Erfahrung, einer vielseitigen Kompetenz mit umfangreichem Know-how und jeglicher Flexibilit\u00e4t, <span class=\"red\">die Komplettl\u00f6sung rund um Ihre Immobilie<\/span> geboten.<\/p>\n<p>Wir arbeiten schnell und zielorientiert in allen Fachbereichen der Immobilienwirtschaft. Unsere Schwerpunkte befinden sich:<\/p>\n<ol>\n<li>Im Immobilienvertrieb<\/li>\n<li>In der Verwaltung von Immobilien<\/li>\n<li>In der Bewirtschaftung von Immobilien<\/li>\n<\/ol>\n<p>Egal ob Sie eine <span class=\"red\">Immobilie verkaufen oder kaufen<\/span> wollen, wir \u00fcbernehmen f\u00fcr Sie die komplette Vermittlung von A \u2013 Z. Wir beraten Sie, verhandeln in Ihrem Sinne, \u00fcbernehmen f\u00fcr Sie die Abwicklung des Kaufes\/Verkaufes, in einer f\u00fcr jeden Laien leicht verst\u00e4ndlichen Transparenz.<\/p>\n<h3><span class=\"red\">Ein guter Partner und Vertrauen wird Ihnen hier umfassend geboten. <\/span><\/h3>\n<p>\u00dcberzeugen Sie sich von unseren Leistungen<\/p>\n<h3><span class=\"red\">Ihr Hartmut Kirchgessner<\/span><\/h3>\n[\/vc_column_text][\/vc_column][\/vc_row]\n","protected":false},"excerpt":{"rendered":"<p>[vc_row][vc_column][vc_single_image image=&#8221;749&#8243; img_size=&#8221;700&#215;350&#8243;][\/vc_column][\/vc_row][vc_row css=&#8221;.vc_custom_1419350097855{margin-top: -10px !important;margin-right: -10px !important;margin-bottom: 20px !important;margin-left: -20px !important;}&#8221;][vc_column width=&#8221;1\/2&#8243;][vc_column_text][\/vc_column_text][\/vc_column][vc_column width=&#8221;1\/2&#8243;][vc_column_text][\/vc_column_text][\/vc_column][\/vc_row][vc_row css=&#8221;.vc_custom_1419350129278{padding-top: 20px !important;}&#8221;][vc_column][vc_column_text] Herzlich Willkommen bei der Firma Kirchgessner Immobiliendienstleistungen Hier wird Ihnen mit langj\u00e4hriger Erfahrung, einer vielseitigen Kompetenz mit umfangreichem Know-how und jeglicher Flexibilit\u00e4t, die Komplettl\u00f6sung rund um Ihre Immobilie geboten. Wir arbeiten schnell und zielorientiert in allen Fachbereichen der Immobilienwirtschaft. Unsere Schwerpunkte befinden sich: Im Immobilienvertrieb In der Verwaltung von Immobilien In der Bewirtschaftung von Immobilien Egal ob Sie eine Immobilie verkaufen oder kaufen wollen, wir \u00fcbernehmen f\u00fcr Sie die komplette Vermittlung von A \u2013 Z. Wir beraten Sie, verhandeln in Ihrem Sinne, \u00fcbernehmen f\u00fcr Sie die Abwicklung des Kaufes\/Verkaufes, in einer f\u00fcr jeden Laien leicht verst\u00e4ndlichen Transparenz. Ein guter Partner und Vertrauen wird Ihnen hier umfassend geboten. \u00dcberzeugen Sie sich von unseren Leistungen Ihr Hartmut Kirchgessner [\/vc_column_text][\/vc_column][\/vc_row]<\/p>\n","protected":false},"author":1,"featured_media":0,"parent":0,"menu_order":0,"comment_status":"closed","ping_status":"closed","template":"","meta":[],"_links":{"self":[{"href":"https:\/\/www.kid-immo.de\/index.php?rest_route=\/wp\/v2\/pages\/381"}],"collection":[{"href":"https:\/\/www.kid-immo.de\/index.php?rest_route=\/wp\/v2\/pages"}],"about":[{"href":"https:\/\/www.kid-immo.de\/index.php?rest_route=\/wp\/v2\/types\/page"}],"author":[{"embeddable":true,"href":"https:\/\/www.kid-immo.de\/index.php?rest_route=\/wp\/v2\/users\/1"}],"replies":[{"embeddable":true,"href":"https:\/\/www.kid-immo.de\/index.php?rest_route=%2Fwp%2Fv2%2Fcomments&post=381"}],"version-history":[{"count":93,"href":"https:\/\/www.kid-immo.de\/index.php?rest_route=\/wp\/v2\/pages\/381\/revisions"}],"predecessor-version":[{"id":3128,"href":"https:\/\/www.kid-immo.de\/index.php?rest_route=\/wp\/v2\/pages\/381\/revisions\/3128"}],"wp:attachment":[{"href":"https:\/\/www.kid-immo.de\/index.php?rest_route=%2Fwp%2Fv2%2Fmedia&parent=381"}],"curies":[{"name":"wp","href":"https:\/\/api.w.org\/{rel}","templated":true}]}}