{"id":9,"date":"2014-10-23T01:21:15","date_gmt":"2014-10-22T23:21:15","guid":{"rendered":"http:\/\/www.kid.v630.ncsrv.de\/?page_id=9"},"modified":"2022-10-19T10:30:20","modified_gmt":"2022-10-19T08:30:20","slug":"kontakt","status":"publish","type":"page","link":"https:\/\/www.kid-immo.de\/?page_id=9","title":{"rendered":"Kontakt"},"content":{"rendered":"[vc_row bg_type=&#8221;no_bg&#8221; parallax_style=&#8221;vcpb-default&#8221; bg_image_repeat=&#8221;no-repeat&#8221; bg_image_size=&#8221;cover&#8221; bg_img_attach=&#8221;fixed&#8221; parallax_sense=&#8221;30&#8243; animation_direction=&#8221;left-animation&#8221; animation_repeat=&#8221;repeat&#8221; bg_override=&#8221;0&#8243; parallax_content_sense=&#8221;30&#8243; fadeout_start_effect=&#8221;30&#8243; overlay_pattern_opacity=&#8221;80&#8243; seperator_type=&#8221;none_seperator&#8221; seperator_position=&#8221;top_seperator&#8221; seperator_shape_size=&#8221;40&#8243; seperator_svg_height=&#8221;60&#8243; seperator_shape_background=&#8221;#fff&#8221; seperator_shape_border=&#8221;none&#8221; seperator_shape_border_width=&#8221;1&#8243; icon_type=&#8221;no_icon&#8221; icon_size=&#8221;32&#8243; icon_style=&#8221;none&#8221; icon_color_border=&#8221;#333333&#8243; icon_border_size=&#8221;1&#8243; icon_border_radius=&#8221;500&#8243; icon_border_spacing=&#8221;50&#8243; img_width=&#8221;48&#8243;][vc_column width=&#8221;1\/3&#8243;][vc_column_text]<strong>Kirchgessner<\/strong><br \/>\n<strong> Immobiliendienstleistungen<\/strong><br \/>\n<strong> Hartmut Kirchge\u00dfner<\/strong><\/p>\n<p><strong>Am R\u00fchlingshof 2a<\/strong><br \/>\n<strong> 74722 Buchen<\/strong><\/p>\n<p><strong>\n<table id=\"tablepress-1\" class=\"tablepress tablepress-id-1\">\n<tbody class=\"row-hover\">\n<tr class=\"row-1 odd\">\n\t<td class=\"column-1\"><b>Tel.:<\/b><\/td><td class=\"column-2\"><b>06281 \u2013 564 234<\/b><\/td>\n<\/tr>\n<tr class=\"row-2 even\">\n\t<td class=\"column-1\"><b>Fax.:<\/b><\/td><td class=\"column-2\"><b>06281 \u2013 563 133<\/b><\/td>\n<\/tr>\n<\/tbody>\n<\/table>\n<!-- #tablepress-1 from cache --><\/strong><\/p>\n<p><strong>E-Mail: <a href=\"mailto:info@kid-immobilien.de\" target=\"_blank\" rel=\"noopener\">info@kid-immobilien.de<\/a><\/strong><br \/>\n<strong> Web: <a href=\"www.kid-immobilien.de\" target=\"_blank\" rel=\"noopener\">www.kid-immobilien.de<\/a><\/strong>[\/vc_column_text][\/vc_column][vc_column width=&#8221;2\/3&#8243;][vc_gmaps link=&#8221;#E-8_JTNDaWZyYW1lJTIwc3JjJTNEJTIyaHR0cHMlM0ElMkYlMkZ3d3cuZ29vZ2xlLmNvbSUyRm1hcHMlMkZlbWJlZCUzRnBiJTNEJTIxMW0xOCUyMTFtMTIlMjExbTMlMjExZDI1OTAuMTI5MjI0ODg5OTY0JTIxMmQ5LjMxNTc5ODQzNzY4MTc1OCUyMTNkNDkuNTE5ODM2MDEzMzMzNzk0JTIxMm0zJTIxMWYwJTIxMmYwJTIxM2YwJTIxM20yJTIxMWkxMDI0JTIxMmk3NjglMjE0ZjEzLjElMjEzbTMlMjExbTIlMjExczB4NDEwY2ExNjJiNzg1YzMxNyUyNTNBMHhjNzlkZTcyODRmYmE5MmI0JTIxMnNLaXJjaGdlc3NuZXIlMjUyMEltbW9iaWxpZW5kaWVuc3RsZWlzdHVuZ2VuJTIxNWUwJTIxM20yJTIxMXNkZSUyMTJzZGUlMjE0djE2NjYxNjgxNzM2MjMlMjE1bTIlMjExc2RlJTIxMnNkZSUyMiUyMHdpZHRoJTNEJTIyNjAwJTIyJTIwaGVpZ2h0JTNEJTIyNDUwJTIyJTIwc3R5bGUlM0QlMjJib3JkZXIlM0EwJTNCJTIyJTIwYWxsb3dmdWxsc2NyZWVuJTNEJTIyJTIyJTIwbG9hZGluZyUzRCUyMmxhenklMjIlMjByZWZlcnJlcnBvbGljeSUzRCUyMm5vLXJlZmVycmVyLXdoZW4tZG93bmdyYWRlJTIyJTNFJTNDJTJGaWZyYW1lJTNF&#8221;][\/vc_column][\/vc_row][vc_row][vc_column][vc_column_text]\n<h1>Kontaktformular<\/h1>\n<h3>Haben Sie Fragen zu unseren Angeboten &amp; Leistungen?<\/h3>\n<p><strong>Wenn Ihr Anliegen schon konkreter ist, finden Sie die entsprechenden Formulare unter <a title=\"Ihr Gesuch\" href=\"\/?page_id=15\">Ihr Gesuch<\/a> sowie <a title=\"Sie wollen verkaufen\" href=\"\/?page_id=17\">Sie wollen verkaufen<\/a>. Ansonsten f\u00fcllen Sie einfach das folgende Formular aus, dann melde ich mich bei Ihnen!<\/strong>[\/vc_column_text][\/vc_column][\/vc_row][vc_row css=&#8221;.vc_custom_1419332632480{margin-right: 0px !important;margin-left: 0px !important;padding-right: 10px !important;padding-bottom: 10px !important;padding-left: 10px !important;}&#8221; bg_type=&#8221;bg_color&#8221; bg_color_value=&#8221;#d0e3e8&#8243; parallax_style=&#8221;vcpb-default&#8221; bg_image_repeat=&#8221;no-repeat&#8221; bg_image_size=&#8221;cover&#8221; bg_img_attach=&#8221;fixed&#8221; parallax_sense=&#8221;30&#8243; animation_direction=&#8221;left-animation&#8221; animation_repeat=&#8221;repeat&#8221; bg_override=&#8221;0&#8243; parallax_content_sense=&#8221;30&#8243; fadeout_start_effect=&#8221;30&#8243; overlay_pattern_opacity=&#8221;80&#8243; seperator_type=&#8221;none_seperator&#8221; seperator_position=&#8221;top_seperator&#8221; seperator_shape_size=&#8221;40&#8243; seperator_svg_height=&#8221;60&#8243; seperator_shape_background=&#8221;#ffffff&#8221; seperator_shape_border=&#8221;none&#8221; seperator_shape_border_width=&#8221;1&#8243; icon_type=&#8221;no_icon&#8221; icon_size=&#8221;32&#8243; icon_style=&#8221;none&#8221; icon_color_border=&#8221;#333333&#8243; icon_border_size=&#8221;1&#8243; icon_border_radius=&#8221;500&#8243; icon_border_spacing=&#8221;50&#8243; img_width=&#8221;48&#8243; bg_grad=&#8221;background: -webkit-gradient(linear, left top, left bottom, color-stop(0%, #E3E3E3));background: -moz-linear-gradient(top,#E3E3E3 0%);background: -webkit-linear-gradient(top,#E3E3E3 0%);background: -o-linear-gradient(top,#E3E3E3 0%);background: -ms-linear-gradient(top,#E3E3E3 0%);background: linear-gradient(top,#E3E3E3 0%);&#8221; multi_color_overlay_opacity=&#8221;0.6&#8243; ult_hide_row_large_screen=&#8221;off&#8221; ult_hide_row_desktop=&#8221;off&#8221; ult_hide_row_tablet=&#8221;off&#8221; ult_hide_row_tablet_small=&#8221;off&#8221; ult_hide_row_mobile=&#8221;off&#8221; ult_hide_row_mobile_large=&#8221;off&#8221;][vc_column][vc_column_text]<form method=\"post\" class=\"ether-form\" id=\"ether-form-179\" enctype=\"multipart\/form-data\" encoding=\"multipart\/form-data\"><fieldset><h3>Ihre Kontaktdaten<\/h3>\t\t\t\t\t<div class=\"ether-cols ether-cols-2 \">\n\t\t\t\t\t\t<div class=\"ether-col \"><label for=\"ether_form[1418222401002]\"><span class=\"ether-label-title\">Vorname:<\/span> <input type=\"text\" name=\"ether_form[1418222401002]\" value=\"\" \/><small><\/small><\/label><label for=\"ether_form[1418300179807]\"><span class=\"ether-label-title\">Telefon: <abbr title=\"required\">*<\/abbr><\/span> <input type=\"text\" name=\"ether_form[1418300179807]\" value=\"\" \/><small><\/small><\/label><\/div>\n\t\t\t\t\t\t<div class=\"ether-col \"><label for=\"ether_form[1418180140282]\"><span class=\"ether-label-title\">Nachname: <abbr title=\"required\">*<\/abbr><\/span> <input type=\"text\" name=\"ether_form[1418180140282]\" value=\"\" \/><small><\/small><\/label><label for=\"ether_form[1417675030837]\"><span class=\"ether-label-title\">E-Mail: <abbr title=\"required\">*<\/abbr><\/span> <input type=\"text\" name=\"ether_form[1417675030837]\" value=\"\" \/><small><\/small><\/label><\/div>\n\t\t\t\t\t<\/div>\n<h3>F\u00fcr welche W\u00fcnsche und Anliegen k\u00f6nnen wir f\u00fcr Sie da sein?<\/h3><label for=\"ether_form[1418455721420]\"><span class=\"ether-label-title\"> <abbr title=\"required\">*<\/abbr><\/span> <textarea name=\"ether_form[1418455721420]\"><\/textarea><small><\/small><\/label><label for=\"ether_form[1527095991159]\"><input type=\"checkbox\" name=\"ether_form[1527095991159]\" \/><span class=\"ether-label-title\">Ich stimme zu, dass meine Angaben aus dem Kontaktformular zur Beantwortung meiner Anfrage erhoben und verarbeitet werden. Die Daten werden nach abgeschlossener Bearbeitung Ihrer Anfrage gel\u00f6scht. Hinweis: Sie k\u00f6nnen Ihre Einwilligung jederzeit f\u00fcr die Zukunft per E-Mail an info@kid-immobilien.de widerrufen. <abbr title=\"required\">*<\/abbr><\/span><small><\/small><\/label><\/br><p>Detaillierte Informationen zum Umgang mit Nutzerdaten finden Sie in unserer <a href=\"\/datenschutzerklaerung\">Datenschutzerkl\u00e4rung<\/a>.<\/p><div class=\"ether-buttonset-1\"><button type=\"submit\" class=\"ether-button ether-button-medium ether-alignright btn_kid\" style=\"color: #ffffff;background-color: #830009; \" name=\"ether_form[submit]\"><span>Abschicken<\/span><\/button><\/div><input type=\"hidden\" name=\"ether_form_id\" value=\"179\" \/><\/fieldset><\/form>[\/vc_column_text][\/vc_column][\/vc_row]\n","protected":false},"excerpt":{"rendered":"<p>[vc_row bg_type=&#8221;no_bg&#8221; parallax_style=&#8221;vcpb-default&#8221; bg_image_repeat=&#8221;no-repeat&#8221; bg_image_size=&#8221;cover&#8221; bg_img_attach=&#8221;fixed&#8221; parallax_sense=&#8221;30&#8243; animation_direction=&#8221;left-animation&#8221; animation_repeat=&#8221;repeat&#8221; bg_override=&#8221;0&#8243; parallax_content_sense=&#8221;30&#8243; fadeout_start_effect=&#8221;30&#8243; overlay_pattern_opacity=&#8221;80&#8243; seperator_type=&#8221;none_seperator&#8221; seperator_position=&#8221;top_seperator&#8221; seperator_shape_size=&#8221;40&#8243; seperator_svg_height=&#8221;60&#8243; seperator_shape_background=&#8221;#fff&#8221; seperator_shape_border=&#8221;none&#8221; seperator_shape_border_width=&#8221;1&#8243; icon_type=&#8221;no_icon&#8221; icon_size=&#8221;32&#8243; icon_style=&#8221;none&#8221; icon_color_border=&#8221;#333333&#8243; icon_border_size=&#8221;1&#8243; icon_border_radius=&#8221;500&#8243; icon_border_spacing=&#8221;50&#8243; img_width=&#8221;48&#8243;][vc_column width=&#8221;1\/3&#8243;][vc_column_text]Kirchgessner Immobiliendienstleistungen Hartmut Kirchge\u00dfner Am R\u00fchlingshof 2a 74722 Buchen E-Mail: info@kid-immobilien.de Web: www.kid-immobilien.de[\/vc_column_text][\/vc_column][vc_column width=&#8221;2\/3&#8243;][vc_gmaps link=&#8221;#E-8_JTNDaWZyYW1lJTIwc3JjJTNEJTIyaHR0cHMlM0ElMkYlMkZ3d3cuZ29vZ2xlLmNvbSUyRm1hcHMlMkZlbWJlZCUzRnBiJTNEJTIxMW0xOCUyMTFtMTIlMjExbTMlMjExZDI1OTAuMTI5MjI0ODg5OTY0JTIxMmQ5LjMxNTc5ODQzNzY4MTc1OCUyMTNkNDkuNTE5ODM2MDEzMzMzNzk0JTIxMm0zJTIxMWYwJTIxMmYwJTIxM2YwJTIxM20yJTIxMWkxMDI0JTIxMmk3NjglMjE0ZjEzLjElMjEzbTMlMjExbTIlMjExczB4NDEwY2ExNjJiNzg1YzMxNyUyNTNBMHhjNzlkZTcyODRmYmE5MmI0JTIxMnNLaXJjaGdlc3NuZXIlMjUyMEltbW9iaWxpZW5kaWVuc3RsZWlzdHVuZ2VuJTIxNWUwJTIxM20yJTIxMXNkZSUyMTJzZGUlMjE0djE2NjYxNjgxNzM2MjMlMjE1bTIlMjExc2RlJTIxMnNkZSUyMiUyMHdpZHRoJTNEJTIyNjAwJTIyJTIwaGVpZ2h0JTNEJTIyNDUwJTIyJTIwc3R5bGUlM0QlMjJib3JkZXIlM0EwJTNCJTIyJTIwYWxsb3dmdWxsc2NyZWVuJTNEJTIyJTIyJTIwbG9hZGluZyUzRCUyMmxhenklMjIlMjByZWZlcnJlcnBvbGljeSUzRCUyMm5vLXJlZmVycmVyLXdoZW4tZG93bmdyYWRlJTIyJTNFJTNDJTJGaWZyYW1lJTNF&#8221;][\/vc_column][\/vc_row][vc_row][vc_column][vc_column_text] Kontaktformular Haben Sie Fragen zu unseren Angeboten &amp; Leistungen? Wenn Ihr Anliegen schon konkreter ist, finden Sie die entsprechenden Formulare unter Ihr Gesuch sowie Sie wollen verkaufen. Ansonsten f\u00fcllen Sie einfach das folgende Formular aus, dann melde ich mich bei Ihnen![\/vc_column_text][\/vc_column][\/vc_row][vc_row css=&#8221;.vc_custom_1419332632480{margin-right: 0px !important;margin-left: 0px !important;padding-right: 10px !important;padding-bottom: 10px !important;padding-left: 10px !important;}&#8221; bg_type=&#8221;bg_color&#8221; bg_color_value=&#8221;#d0e3e8&#8243; parallax_style=&#8221;vcpb-default&#8221; bg_image_repeat=&#8221;no-repeat&#8221; bg_image_size=&#8221;cover&#8221; bg_img_attach=&#8221;fixed&#8221; parallax_sense=&#8221;30&#8243; animation_direction=&#8221;left-animation&#8221; animation_repeat=&#8221;repeat&#8221; bg_override=&#8221;0&#8243; parallax_content_sense=&#8221;30&#8243; fadeout_start_effect=&#8221;30&#8243; overlay_pattern_opacity=&#8221;80&#8243; seperator_type=&#8221;none_seperator&#8221; seperator_position=&#8221;top_seperator&#8221; seperator_shape_size=&#8221;40&#8243; seperator_svg_height=&#8221;60&#8243; seperator_shape_background=&#8221;#ffffff&#8221; seperator_shape_border=&#8221;none&#8221; seperator_shape_border_width=&#8221;1&#8243; icon_type=&#8221;no_icon&#8221; icon_size=&#8221;32&#8243; icon_style=&#8221;none&#8221; icon_color_border=&#8221;#333333&#8243; icon_border_size=&#8221;1&#8243; icon_border_radius=&#8221;500&#8243; icon_border_spacing=&#8221;50&#8243; img_width=&#8221;48&#8243; bg_grad=&#8221;background: -webkit-gradient(linear, left top, left bottom, color-stop(0%, #E3E3E3));background: -moz-linear-gradient(top,#E3E3E3 0%);background: -webkit-linear-gradient(top,#E3E3E3 0%);background: -o-linear-gradient(top,#E3E3E3 0%);background: -ms-linear-gradient(top,#E3E3E3 0%);background: linear-gradient(top,#E3E3E3 0%);&#8221; multi_color_overlay_opacity=&#8221;0.6&#8243; ult_hide_row_large_screen=&#8221;off&#8221; ult_hide_row_desktop=&#8221;off&#8221; ult_hide_row_tablet=&#8221;off&#8221; ult_hide_row_tablet_small=&#8221;off&#8221; ult_hide_row_mobile=&#8221;off&#8221; ult_hide_row_mobile_large=&#8221;off&#8221;][vc_column][vc_column_text][\/vc_column_text][\/vc_column][\/vc_row]<\/p>\n","protected":false},"author":1,"featured_media":0,"parent":0,"menu_order":0,"comment_status":"closed","ping_status":"closed","template":"","meta":[],"_links":{"self":[{"href":"https:\/\/www.kid-immo.de\/index.php?rest_route=\/wp\/v2\/pages\/9"}],"collection":[{"href":"https:\/\/www.kid-immo.de\/index.php?rest_route=\/wp\/v2\/pages"}],"about":[{"href":"https:\/\/www.kid-immo.de\/index.php?rest_route=\/wp\/v2\/types\/page"}],"author":[{"embeddable":true,"href":"https:\/\/www.kid-immo.de\/index.php?rest_route=\/wp\/v2\/users\/1"}],"replies":[{"embeddable":true,"href":"https:\/\/www.kid-immo.de\/index.php?rest_route=%2Fwp%2Fv2%2Fcomments&post=9"}],"version-history":[{"count":14,"href":"https:\/\/www.kid-immo.de\/index.php?rest_route=\/wp\/v2\/pages\/9\/revisions"}],"predecessor-version":[{"id":3130,"href":"https:\/\/www.kid-immo.de\/index.php?rest_route=\/wp\/v2\/pages\/9\/revisions\/3130"}],"wp:attachment":[{"href":"https:\/\/www.kid-immo.de\/index.php?rest_route=%2Fwp%2Fv2%2Fmedia&parent=9"}],"curies":[{"name":"wp","href":"https:\/\/api.w.org\/{rel}","templated":true}]}}